{"id":3,"date":"2023-02-01T16:46:12","date_gmt":"2023-02-01T16:46:12","guid":{"rendered":"https:\/\/www.viviendasvacacionaleslapalma.com\/?page_id=3"},"modified":"2023-04-24T12:16:43","modified_gmt":"2023-04-24T10:16:43","slug":"politica-de-privacidad","status":"publish","type":"page","link":"https:\/\/www.viviendasvacacionaleslapalma.com\/en\/privacy\/","title":{"rendered":"Private Policy"},"content":{"rendered":"<div data-elementor-type=\"wp-page\" data-elementor-id=\"3\" class=\"elementor elementor-3\" data-elementor-post-type=\"page\">\n\t\t\t\t\t\t<section class=\"elementor-section elementor-top-section elementor-element elementor-element-c856e31 elementor-section-full_width elementor-section-height-default elementor-section-height-default\" data-id=\"c856e31\" data-element_type=\"section\" data-e-type=\"section\">\n\t\t\t\t\t\t<div class=\"elementor-container elementor-column-gap-no\">\n\t\t\t\t\t<div class=\"elementor-column elementor-col-100 elementor-top-column elementor-element elementor-element-d3c6a68\" data-id=\"d3c6a68\" data-element_type=\"column\" data-e-type=\"column\">\n\t\t\t<div class=\"elementor-widget-wrap elementor-element-populated\">\n\t\t\t\t\t\t<div class=\"elementor-element elementor-element-75a55cd elementor-widget elementor-widget-template\" data-id=\"75a55cd\" data-element_type=\"widget\" data-e-type=\"widget\" data-widget_type=\"template.default\">\n\t\t\t\t<div class=\"elementor-widget-container\">\n\t\t\t\t\t\t\t<div class=\"elementor-template\">\n\t\t\t\t\t<div data-elementor-type=\"section\" data-elementor-id=\"2371\" class=\"elementor elementor-2371\" data-elementor-post-type=\"elementor_library\">\n\t\t\t\t\t<section class=\"elementor-section elementor-top-section elementor-element elementor-element-e794a5c elementor-section-boxed elementor-section-height-default elementor-section-height-default\" data-id=\"e794a5c\" data-element_type=\"section\" data-e-type=\"section\" data-settings=\"{&quot;background_background&quot;:&quot;gradient&quot;}\">\n\t\t\t\t\t\t<div class=\"elementor-container elementor-column-gap-no\">\n\t\t\t\t\t<div class=\"elementor-column elementor-col-100 elementor-top-column elementor-element elementor-element-bcad179\" data-id=\"bcad179\" data-element_type=\"column\" data-e-type=\"column\">\n\t\t\t<div class=\"elementor-widget-wrap elementor-element-populated\">\n\t\t\t\t\t\t<div class=\"elementor-element elementor-element-eeed9b6 elementor-widget elementor-widget-image\" data-id=\"eeed9b6\" data-element_type=\"widget\" data-e-type=\"widget\" data-widget_type=\"image.default\">\n\t\t\t\t<div class=\"elementor-widget-container\">\n\t\t\t\t\t\t\t\t\t\t\t\t\t\t\t<img decoding=\"async\" width=\"137\" height=\"22\" src=\"https:\/\/www.viviendasvacacionaleslapalma.com\/wp-content\/uploads\/2023\/02\/estrellas-dark.png\" class=\"attachment-full size-full wp-image-1856\" alt=\"\" srcset=\"https:\/\/www.viviendasvacacionaleslapalma.com\/wp-content\/uploads\/2023\/02\/estrellas-dark.png 137w, https:\/\/www.viviendasvacacionaleslapalma.com\/wp-content\/uploads\/2023\/02\/estrellas-dark-18x3.png 18w\" sizes=\"(max-width: 137px) 100vw, 137px\" \/>\t\t\t\t\t\t\t\t\t\t\t\t\t\t\t<\/div>\n\t\t\t\t<\/div>\n\t\t\t\t\t<\/div>\n\t\t<\/div>\n\t\t\t\t\t<\/div>\n\t\t<\/section>\n\t\t\t\t<\/div>\n\t\t\t\t<\/div>\n\t\t\t\t\t\t<\/div>\n\t\t\t\t<\/div>\n\t\t\t\t\t<\/div>\n\t\t<\/div>\n\t\t\t\t\t<\/div>\n\t\t<\/section>\n\t\t\t\t<section class=\"elementor-section elementor-top-section elementor-element elementor-element-1b94bdb elementor-section-boxed elementor-section-height-default elementor-section-height-default\" data-id=\"1b94bdb\" data-element_type=\"section\" data-e-type=\"section\">\n\t\t\t\t\t\t<div class=\"elementor-container elementor-column-gap-no\">\n\t\t\t\t\t<div class=\"elementor-column elementor-col-100 elementor-top-column elementor-element elementor-element-fdda49a\" data-id=\"fdda49a\" data-element_type=\"column\" data-e-type=\"column\">\n\t\t\t<div class=\"elementor-widget-wrap elementor-element-populated\">\n\t\t\t\t\t\t<div class=\"elementor-element elementor-element-fed8fc3 elementor-widget elementor-widget-text-editor\" data-id=\"fed8fc3\" data-element_type=\"widget\" data-e-type=\"widget\" data-widget_type=\"text-editor.default\">\n\t\t\t\t<div class=\"elementor-widget-container\">\n\t\t\t\t\t\t\t\t\t<h3>Who we are<\/h3><p>The head of\u00a0<strong>HOLIDAY HOMES LA PALMA<\/strong>with its domains www.viviendasvacacionaleslapalma.com, www.viviendasvacacionaleslapalma.es, www.vvlapalma.com and www.vvlapalma.es (hereinafter, VIVIENDAS VACACIONALES LA PALMA) is Mar\u00eda N. P\u00e9rez Garc\u00eda, with address at Crta. Timibucar 20 - 38700 Santa Cruz de La Palma, with NIF: 42.180.324-A (info@vvlapalma.com).<\/p><p>The address of our website is https:\/\/www.viviendasvacacionaleslapalma.com and features\u00a0<strong>SSL certificate<\/strong>\u00a0(Secure Socket Layer) .<\/p><h3 class=\"heading-4 ml-20 ml-md-0 ml-lg-0 mb-12\">What does SSL do?<\/h3><div class=\"text-1 ml-20 ml-md-0 ml-lg-0 mb-24\">An SSL certificate encrypts all information going in and out of your website, ensuring that it is protected from third parties trying to access it.<br \/><br \/><\/div><h3>What personal data we collect and why we collect it<\/h3><h4>Communication of data to law enforcement agencies:<\/h4><p>Establishments shall report information on their guests to law enforcement agencies.<\/p><p>We do not collect personal data on the website. We only collect data at the time of registration, to be sent to the competent authorities, the booking data is sent in electronic format to the Data Processing Centre of the Directorate General of the Police and the Directorate General of the Civil Guard, as appropriate. The addresses are:<\/p><p><strong>Police:<\/strong>\u00a0<a title=\"Data Processing Centre of the Directorate General of Police\" href=\"https:\/\/webpol.policia.es\/e-hotel\/\" target=\"_blank\" rel=\"noopener noreferrer\">https:\/\/webpol.policia.es\/e-hotel\/<\/a><br \/><strong>Guardia Civil:<\/strong>\u00a0<a title=\"Data Processing Centre of the Directorate General of the Civil Guard\" href=\"http:\/\/hospederias.guardiacivil.es\/\" target=\"_blank\" rel=\"noopener noreferrer\">http:\/\/hospederias.guardiacivil.es<\/a><\/p><h3>Comments<\/h3><p>When visitors leave comments on the site, we collect the data displayed in the comment form, as well as the visitor's IP address and browser user agent string to aid spam detection.<\/p><p>An anonymous string created from your email address (also called a hash) can be provided to the Gravatar service to see if you are using it. The privacy policy of the Gravatar service is available here: https:\/\/automattic.com\/privacy\/. After approval of your comment, your profile picture is visible to the public in the context of your comment.<\/p><h3>Media<\/h3><p>If you upload images to the website you should avoid uploading images with location data (GPS EXIF) included. Visitors to the website can download and extract any location data from images on the website.<\/p><h4><a href=\"https:\/\/www.viviendasvacacionaleslapalma.com\/en\/contact\/\" target=\"_blank\" rel=\"noopener noreferrer\">Contact forms<\/a><\/h4><h3>Cookies<\/h3><p>If you leave a comment on our site you can choose to save your name, email address and website in cookies. This is for your convenience, so you don't have to fill in your details again when you leave another comment. These cookies will last for one year.<\/p><p>If you have an account and log in to this site, we will set a temporary cookie to determine whether your browser accepts cookies. This cookie does not contain any personal data and is deleted when you close your browser.<\/p><p>When you log in, we will also set a number of cookies to store your login information and screen display options. Login cookies last for two days, and display options cookies last for one year. If you select \"Remember me\", your login will last for two weeks. If you log out of your account, your login cookies will be deleted.<\/p><p>If you edit or publish an article, an additional cookie will be stored in your browser. This cookie does not contain any personal data and simply indicates the ID of the article you have just edited. It expires after 1 day.<\/p><h3>Embedded content from other websites<\/h3><p>Articles on this site may include embedded content (e.g. videos, images, articles, etc.). Embedded content from other websites behaves in exactly the same way as if the visitor had visited the other website.<\/p><p>These websites may collect data about you, use cookies, embed additional third-party tracking, and monitor your interaction with that embedded content, including tracking your interaction with the embedded content if you have an account and are logged in to that website.<\/p><p>Our website only uses embedded content from the\u00a0<strong>Airbnb platform<\/strong>. The use of the Airbnb Platform is subject to the\u00a0<a href=\"https:\/\/www.airbnb.es\/terms\/privacy_policy\" target=\"_blank\" rel=\"noopener noreferrer\">Airbnb Privacy Policy<\/a>\u00a0and its\u00a0<a href=\"https:\/\/www.airbnb.es\/terms\/cookie_policy\" target=\"_blank\" rel=\"noopener noreferrer\">Airbnb Cookie Policy<\/a>as well as those of\u00a0<strong>Google Maps\/Google Earth<\/strong>\u00a0is subject to the\u00a0<a href=\"http:\/\/www.google.com\/intl\/en_us\/help\/terms_maps.html\">Additional Google Maps\/Google Earth Terms of Service<\/a>\u00a0and to the\u00a0<a href=\"http:\/\/www.google.com\/privacy.html\">Google Privacy Policy<\/a>.<\/p><p>We also use embedded content from our Rent a Car partners\u00a0<strong>Acoron<\/strong>\u00a0which is subject to its\u00a0<a href=\"https:\/\/www.acoron.es\/condiciones-generales\/\" target=\"_blank\" rel=\"noopener noreferrer\">General terms and conditions<\/a>\u00a0and its\u00a0<a href=\"https:\/\/www.acoron.es\/politica-de-cookies\/\" target=\"_blank\" rel=\"noopener noreferrer\">Cookie Policy<\/a>.<\/p><p>For routes and activities we use embedded content from\u00a0<a href=\"https:\/\/lapalmatransfer.com\/en\/\" target=\"_blank\" rel=\"noopener\"><strong>La Palma Transfers &amp; Tours<\/strong><\/a>\u00a0via its booking engine\u00a0<strong><a href=\"https:\/\/www.turitop.com\/es\/\" target=\"_blank\" rel=\"noopener\">Turitop<\/a><\/strong>\u00a0which is subject to\u00a0<a href=\"https:\/\/www.turitop.com\/es\/politica-de-privacidad\/\" target=\"_blank\" rel=\"noopener\">Privacy Policy<\/a>\u00a0and\u00a0<a href=\"https:\/\/www.turitop.com\/es\/politica-de-cookies\/\" target=\"_blank\" rel=\"noopener\">Cookie Policy<\/a>.<\/p><h3>Analytics<\/h3><p>The analytical data is recorded by our hosting service provider.\u00a0<a href=\"https:\/\/www.ionos.es\/tools\/analisis-web\" target=\"_blank\" rel=\"noopener noreferrer\">Ionos<\/a>recording only the visits, time of duration and origin.<\/p><h3>Who we share your data with<\/h3><p>We do not collect personal or navigation data and therefore do not share any data with third parties.<\/p><h3>How long we keep your data<\/h3><p>If you leave a comment, the comment and its metadata are retained indefinitely. This is so that we can recognise and approve successive comments automatically rather than keeping them in a moderation queue.<\/p><p>For users who register on our website (if any), we also store the personal information they provide in their user profile. All users can view, edit or delete their personal information at any time (except that they cannot change their user name). Site administrators can also view and edit that information.<\/p><h3>What rights you have over your data<\/h3><p>If you have an account or have left comments on this website, you may request to receive an export file of the personal data we hold about you, including any data you have provided to us. You may also request that we delete any personal data we hold about you. This does not include any data that we are required to retain for administrative, legal or security purposes.<\/p><h3>Where we send your data<\/h3><p>Visitor comments may be checked by an automatic spam detection service.<\/p><h3>Your contact information<\/h3><p>We do not share your contact information with third parties.<\/p><h3>Additional information<\/h3><h4>How we protect your data<\/h4><p>Via\u00a0<strong>SSL certificate<\/strong>which encrypts all information going in and out of this website, ensuring that it is protected against third parties trying to access it.<\/p>\t\t\t\t\t\t\t\t<\/div>\n\t\t\t\t<\/div>\n\t\t\t\t\t<\/div>\n\t\t<\/div>\n\t\t\t\t\t<\/div>\n\t\t<\/section>\n\t\t\t\t<\/div>","protected":false},"excerpt":{"rendered":"<p>Who we are The owner of VIVIENDAS VACACIONALES LA PALMA, with its domains www.viviendasvacacionaleslapalma.com, www.viviendasvacacionaleslapalma.es, www.vvlapalma.com and www.vvlapalma.es (hereinafter, VIVIENDAS VACACIONALES LA PALMA) is Mar\u00eda N. P\u00e9rez Garc\u00eda, with address at Crta. Timibucar 20 - 38700 Santa Cruz de La Palma, with NIF: 42.180.324-A (info@vvlapalma.com). The address of our website is https:\/\/www.viviendasvacacionaleslapalma.com and is SSL certified (Secure Socket Layer [...])<\/p>","protected":false},"author":4,"featured_media":0,"parent":0,"menu_order":18,"comment_status":"closed","ping_status":"open","template":"elementor_header_footer","meta":{"footnotes":""},"class_list":["post-3","page","type-page","status-publish","hentry"],"_links":{"self":[{"href":"https:\/\/www.viviendasvacacionaleslapalma.com\/en\/wp-json\/wp\/v2\/pages\/3","targetHints":{"allow":["GET"]}}],"collection":[{"href":"https:\/\/www.viviendasvacacionaleslapalma.com\/en\/wp-json\/wp\/v2\/pages"}],"about":[{"href":"https:\/\/www.viviendasvacacionaleslapalma.com\/en\/wp-json\/wp\/v2\/types\/page"}],"author":[{"embeddable":true,"href":"https:\/\/www.viviendasvacacionaleslapalma.com\/en\/wp-json\/wp\/v2\/users\/4"}],"replies":[{"embeddable":true,"href":"https:\/\/www.viviendasvacacionaleslapalma.com\/en\/wp-json\/wp\/v2\/comments?post=3"}],"version-history":[{"count":25,"href":"https:\/\/www.viviendasvacacionaleslapalma.com\/en\/wp-json\/wp\/v2\/pages\/3\/revisions"}],"predecessor-version":[{"id":2879,"href":"https:\/\/www.viviendasvacacionaleslapalma.com\/en\/wp-json\/wp\/v2\/pages\/3\/revisions\/2879"}],"wp:attachment":[{"href":"https:\/\/www.viviendasvacacionaleslapalma.com\/en\/wp-json\/wp\/v2\/media?parent=3"}],"curies":[{"name":"wp","href":"https:\/\/api.w.org\/{rel}","templated":true}]}}